{"id":19,"date":"2012-09-29T10:16:31","date_gmt":"2012-09-29T08:16:31","guid":{"rendered":"http:\/\/www.witwen-partnersuche.com\/?page_id=19"},"modified":"2014-11-03T12:32:14","modified_gmt":"2014-11-03T10:32:14","slug":"erfahrungsberichte","status":"publish","type":"page","link":"https:\/\/www.witwen-partnersuche.com\/?page_id=19","title":{"rendered":"Erfahrungsberichte"},"content":{"rendered":"<p><strong>Lesen Sie hier einige Erfahrungsberichte von (wieder) gl\u00fccklichen Menschen, die einen neuen Sinn im Leben gefunden haben.<\/strong><\/p>\n<p>Magdalene, 75 Jahre:<\/p>\n<p>Als ich Witwe wurde, war ich am Boden zerst\u00f6rt. Ich konnte mir nicht vorstellen, dass ich jemals wieder gl\u00fccklich werden k\u00f6nnte. Zu schwer wog der Verlust. Ich f\u00fchlte mich auch schlecht allein beim Gedanken daran, dieselben Gef\u00fchle irgendwann einem anderen Mann zu schenken. Doch<br \/>\ndann wurde mir klar, dass mein verstorbener Ehemann nicht gewollt h\u00e4tte, dass ich ein Leben lang unter seinem Tod leide. Ich w\u00fcrde immer Witwe bleiben. Aber mein Leben lang alleine bleiben, das m\u00fcsste ich nicht. Also beschloss ich, wieder gl\u00fccklich zu werden. Ich wusste, mein verstorbener Mann h\u00e4tte es so gewollt. Doch wie sollte ich das anstellen? Wenn man wie ich seit mehr als zwei Jahrzehnten keine M\u00e4nner kennengelernt hat, verliert man die \u00dcbung darin. Eine Bekannte erz\u00e4hlte mir von ihren guten Erfahrungen mit der <a href=\"http:\/\/www.senioren-partneragentur.com\/?page_id=75http:\/\/\">ANNA GmbH<\/a>. Ob die auch Witwen vermitteln, wollte ich wissen. Das konnte sie mir nicht genau sagen. Also rief ich dort an. Wie sich herausstellte, ist ein Schwerpunkt dieser Partnervermittlung die Vermittlung von Witwen und Witwern. Das fand ich ermutigend. Man hatte dort also Erfahrung mit dieser ganz besonderen Lebenssituation. Ich muss sagen, das habe ich aber auch von Anfang an gesp\u00fcrt. Ich kann es nicht klar in Worte fassen, aber man sp\u00fcrt als Witwe, ob andere mit dieser Situation umgehen k\u00f6nnen oder nicht. Viele verwechseln Mitgef\u00fchl mit Mitleid oder sind unangenehm ber\u00fchrt. Die Freundlichkeit und Kompetenz der <a href=\"http:\/\/www.partnervermittlung-anna.com\/\">ANNA GmbH<\/a> allerdings gab mir ein gutes Gef\u00fchl. Ich wei\u00df nicht warum, aber ich hatte von Anfang an so eine Ahnung, dass es mit dieser Agentur gut klappen w\u00fcrde. So war es dann auch. Ich bildete mir nicht blo\u00df ein, verstanden zu werden, sondern wurde es tats\u00e4chlich. Woran ich das festmache? Dass alle vorgeschlagenen M\u00e4nner sehr genau meinen Vorstellungen und W\u00fcnschen entsprachen. Und dass es nicht lange dauerte, bis ich Alfons kennenlernte. Er ist der Mann, der mich wieder gl\u00fccklich gemacht hat und mit dem mein Leben wieder Sinn ergibt. Ohne die ANNA GmbH h\u00e4tte ich ihn allerdings vermutlich nie gefunden. Darum aus tiefstem Herzen ein gro\u00dfes Danke f\u00fcr all eure Bem\u00fchungen, liebe M\u00e4nner und Frauen der <a href=\"http:\/\/www.partnervermittlung-anna.com\/\">ANNA GmbH<\/a>!<\/p>\n<p><img loading=\"lazy\" class=\"aligncenter wp-image-20 size-large\" src=\"http:\/\/www.witwen-partnersuche.com\/wp-content\/uploads\/2014\/09\/witwe-partner-witwer-senioren-1024x576.jpg\" alt=\"witwe partner witwer senioren\" width=\"625\" height=\"351\" srcset=\"https:\/\/www.witwen-partnersuche.com\/wp-content\/uploads\/2014\/09\/witwe-partner-witwer-senioren-1024x576.jpg 1024w, https:\/\/www.witwen-partnersuche.com\/wp-content\/uploads\/2014\/09\/witwe-partner-witwer-senioren-300x168.jpg 300w, https:\/\/www.witwen-partnersuche.com\/wp-content\/uploads\/2014\/09\/witwe-partner-witwer-senioren-624x351.jpg 624w, https:\/\/www.witwen-partnersuche.com\/wp-content\/uploads\/2014\/09\/witwe-partner-witwer-senioren.jpg 1280w\" sizes=\"(max-width: 625px) 100vw, 625px\" \/><\/p>\n<p>Hildegard, 73 Jahre:<\/p>\n<p>In meinem Alter (ich bin jetzt \u00fcber 70, Witwe) sucht man nicht unbedingt noch mal die gro\u00dfe Liebe. Aber jemanden zu haben f\u00fcr Ausfl\u00fcge und so, das ist schon nett. Darum bin ich froh, dass es die ANNA GmbH gibt. Die hat mir geholfen, den Gunther zu finden. Der Gunther und ich sind kein Paar, sondern einfach nur zwei Senioren, die viel gemeinsam unternehmen. Wir sind Reisepartner, wenn man so will. So jemanden wie den Gunther habe ich gesucht. Meine Enkelin hat die ANNA GmbH ins Spiel gebracht, weil die Erfahrung mit der Vermittlung von Senioren h\u00e4tte. Nicht nur f\u00fcr Beziehungen, sondern auch f\u00fcr Freundschaften. Die Leute von der ANNA GmbH haben sich reizend um mich gek\u00fcmmert und hatten viel Geduld mit einer alten Dame wie mir. Am Ende hat es sich ausgezahlt. Mit dem Gunther habe ich genau den richtigen Mann f\u00fcr eine Reisefreundschaft gefunden. Teuer war es auch nicht.<\/p>\n<p>Mario, 68 Jahre:<\/p>\n<p>Als Senior \u00fcber 60 und Witwer wollte ich keine Frau mehr f\u00fcr eine Liebesbeziehung, wohl aber eine Gef\u00e4hrtin f\u00fcr gemeinsame Reisen und Aktivit\u00e4ten. So eine Person zu finden, war gar nicht einfach. Alle Damen meines Alters in meinem Umfeld sind entweder verheiratet oder nicht mehr agil genug daf\u00fcr. Durch meine Enkelin bin ich auf eine Partnervermittlung aufmerksam gemacht worden. Diese Agentur vermittelt Beziehungen aller Art auch zwischen Senioren. In meinem Fall eben eine Freundschaft f\u00fcr Reisen und Unternehmungen. So habe ich Doris kennengelernt. Sie ist ein Schatz von einer Frau und m\u00f6chte genau wie ich das Leben so lange genie\u00dfen, wie es noch geht. Gemeinsam wandern wir viel und fahren in andere St\u00e4dte. Ich finde es sch\u00f6n, dass es spezielle M\u00f6glichkeiten gibt f\u00fcr Senioren wie mich, gezielt neue Bekanntschaften zu machen. Gerade in meinem Alter ist das oft nicht mehr so einfach. Aber eine Partneragentur hat es m\u00f6glich gemacht. Danke daf\u00fcr!<\/p>\n<p><img loading=\"lazy\" class=\"alignnone size-large wp-image-25\" src=\"http:\/\/www.witwen-partnersuche.com\/wp-content\/uploads\/2012\/09\/Senioren-Partnersuche-Witwe-Witwer-einsam-Einsamkeit-1024x682.jpg\" alt=\"Senioren Partnersuche Witwe Witwer einsam Einsamkeit\" width=\"625\" height=\"416\" srcset=\"https:\/\/www.witwen-partnersuche.com\/wp-content\/uploads\/2012\/09\/Senioren-Partnersuche-Witwe-Witwer-einsam-Einsamkeit-1024x682.jpg 1024w, https:\/\/www.witwen-partnersuche.com\/wp-content\/uploads\/2012\/09\/Senioren-Partnersuche-Witwe-Witwer-einsam-Einsamkeit-300x199.jpg 300w, https:\/\/www.witwen-partnersuche.com\/wp-content\/uploads\/2012\/09\/Senioren-Partnersuche-Witwe-Witwer-einsam-Einsamkeit-624x415.jpg 624w, https:\/\/www.witwen-partnersuche.com\/wp-content\/uploads\/2012\/09\/Senioren-Partnersuche-Witwe-Witwer-einsam-Einsamkeit.jpg 1280w\" sizes=\"(max-width: 625px) 100vw, 625px\" \/><\/p>\n","protected":false},"excerpt":{"rendered":"<p>Lesen Sie hier einige Erfahrungsberichte von (wieder) gl\u00fccklichen Menschen, die einen neuen Sinn im Leben gefunden haben. Magdalene, 75 Jahre: Als ich Witwe wurde, war ich am Boden zerst\u00f6rt. Ich konnte mir nicht vorstellen, dass ich jemals wieder gl\u00fccklich werden k\u00f6nnte. Zu schwer wog der Verlust. Ich f\u00fchlte mich auch schlecht allein beim Gedanken daran, [&hellip;]<\/p>\n","protected":false},"author":2,"featured_media":0,"parent":0,"menu_order":0,"comment_status":"closed","ping_status":"closed","template":"","meta":[],"_links":{"self":[{"href":"https:\/\/www.witwen-partnersuche.com\/index.php?rest_route=\/wp\/v2\/pages\/19"}],"collection":[{"href":"https:\/\/www.witwen-partnersuche.com\/index.php?rest_route=\/wp\/v2\/pages"}],"about":[{"href":"https:\/\/www.witwen-partnersuche.com\/index.php?rest_route=\/wp\/v2\/types\/page"}],"author":[{"embeddable":true,"href":"https:\/\/www.witwen-partnersuche.com\/index.php?rest_route=\/wp\/v2\/users\/2"}],"replies":[{"embeddable":true,"href":"https:\/\/www.witwen-partnersuche.com\/index.php?rest_route=%2Fwp%2Fv2%2Fcomments&post=19"}],"version-history":[{"count":7,"href":"https:\/\/www.witwen-partnersuche.com\/index.php?rest_route=\/wp\/v2\/pages\/19\/revisions"}],"predecessor-version":[{"id":117,"href":"https:\/\/www.witwen-partnersuche.com\/index.php?rest_route=\/wp\/v2\/pages\/19\/revisions\/117"}],"wp:attachment":[{"href":"https:\/\/www.witwen-partnersuche.com\/index.php?rest_route=%2Fwp%2Fv2%2Fmedia&parent=19"}],"curies":[{"name":"wp","href":"https:\/\/api.w.org\/{rel}","templated":true}]}}