{"id":14,"date":"2012-08-23T13:04:28","date_gmt":"2012-08-23T11:04:28","guid":{"rendered":"http:\/\/www.witwen-partnersuche.com\/?page_id=14"},"modified":"2014-10-27T22:21:27","modified_gmt":"2014-10-27T20:21:27","slug":"ein-ende-ist-ein-neuer-anfang","status":"publish","type":"page","link":"https:\/\/www.witwen-partnersuche.com\/?page_id=14","title":{"rendered":"Ein Ende ist ein Neuer Anfang!"},"content":{"rendered":"<p>Die Liebe kann noch so gro\u00df, stark und fest sein \u2013 doch gegen das Schicksal ist sie machtlos. Wenn ein geliebter Mensch pl\u00f6tzlich aus dem Leben gerissen wird,\u00a0 hinterl\u00e4sst dieser schmerzliche Verlust eine gro\u00dfe L\u00fccke.<\/p>\n<p><img loading=\"lazy\" class=\"aligncenter wp-image-87 size-medium\" src=\"http:\/\/www.witwen-partnersuche.com\/wp-content\/uploads\/2012\/08\/witwe-witwer-partnersuche-f\u00fcr-witwen-partnervermittlung-300x225.jpg\" alt=\"witwe witwer partnersuche f\u00fcr witwen partnervermittlung\" width=\"300\" height=\"225\" srcset=\"https:\/\/www.witwen-partnersuche.com\/wp-content\/uploads\/2012\/08\/witwe-witwer-partnersuche-f\u00fcr-witwen-partnervermittlung-300x225.jpg 300w, https:\/\/www.witwen-partnersuche.com\/wp-content\/uploads\/2012\/08\/witwe-witwer-partnersuche-f\u00fcr-witwen-partnervermittlung-1024x768.jpg 1024w, https:\/\/www.witwen-partnersuche.com\/wp-content\/uploads\/2012\/08\/witwe-witwer-partnersuche-f\u00fcr-witwen-partnervermittlung-624x468.jpg 624w, https:\/\/www.witwen-partnersuche.com\/wp-content\/uploads\/2012\/08\/witwe-witwer-partnersuche-f\u00fcr-witwen-partnervermittlung.jpg 1280w\" sizes=\"(max-width: 300px) 100vw, 300px\" \/><\/p>\n<p>Doch wenn der gro\u00dfe Schmerz sich gelegt hat, der Alltag sich wieder normalisiert \u2013 stellt sich auch die Sehnsucht wieder ein. Die Suche nach einem neuen Liebesgl\u00fcck gestaltet sich hin und wieder nicht so einfach.<br \/>\nBesonders Menschen ab 60 haben diesbez\u00fcglich ihre Schwierigkeiten, einen Partner zu finden. Die Skepsis gegen\u00fcber Partnerschaftsagenturen ist recht gro\u00df. Angst spielt dabei eine ebenso f\u00fchrende Rolle.<\/p>\n<p>Sicherlich gibt es unseri\u00f6se Partnerinstitute, doch es gibt auch exzellente Partneragenturen, die sich darauf spezialisiert haben, Ihren Sch\u00fctzlingen \u2013 welche die goldene Mitte des Lebens erreicht haben \u2013 zu neuem Liebesgl\u00fcck zu verhelfen. Seri\u00f6s, kompetent und menschlich agieren diese Agenturen, welche sich speziell um das Liebeswohl der alleinstehenden, verwitweten und einsamen Menschen sorgen. Diese hervorragenden, seri\u00f6sen Partnerb\u00f6rsen bieten vor allen eine kostenlose Erstberatung an, bestehen auf pers\u00f6nliche Kontaktaufnahme und hinterfragen die (fast) alle Daten.<\/p>\n<p>Sind Sie jenseits der F\u00fcnfig, alleine, verzweifelt und voller Sehnsucht? Suchen Sie nach einem Partner, der mit Ihnen Wiener Walzer tanzt, das Feuer der Leidenschaft entfacht und der mit Ihnen bei sternenklarem Himmel durch die Nacht bummelt? M\u00f6chten Sie einen Menschen kennenlernen, der Ihnen die Hand h\u00e4lt, wenn Sie straucheln und Ihnen immer eine starke Schulter zum Anlehnen bietet? Z\u00f6gern Sie nicht mehr, fassen Sie Mut und vertrauen Sie den verst\u00e4ndnisvollen Mitarbeitern einer <a href=\"http:\/\/www.senioren-partneragentur.com\/?page_id=75\">speziellen Singlekontaktagentur f\u00fcr Witwen und Witwer <\/a>Ihre ganz speziellen W\u00fcnsche an!<\/p>\n<h2><\/h2>\n<h2><strong>Suchen Sie Ihr neues Gl\u00fcck &#8211; Allein muss keiner bleiben!<\/strong><\/h2>\n<p>Finden Sie Ihren Partner in Ihrer Partnervermittlung! Es bleibt kein Wunschtraum, einen Menschen zu finden, den man in Liebe zugetan ist, der die Schmetterlinge im Bauch wieder zum Flattern bringt, und das Herz rasen l\u00e4sst. Selbst Witwen und Witwer als auch Senioren k\u00f6nnen in einer Partneragentur Ihr Herzblatt finden. Allerdings scheuen sich \u00e4ltere Singles, sich in Singleb\u00f6rsen im Internet anzumelden. Sie versuchen es lieber auf die einfache Weise, indem sie Kontaktanzeigen schalten. Doch ganz gleich, ob eine Suche in der Single- oder Datingb\u00f6rse im Internet oder eine Partnersuche per Inserat stattfindet, Erfolg muss sich zwangsl\u00e4ufig nicht einstellen. Schon manch ein Single war entt\u00e4uscht, wenn das vermeintliche Herzblatt in Wirklichkeit ganz anders aussah. Solch negative Erfahrungen pr\u00e4gen \u00e4ltere Menschen ganz besonders, die auf der Suche nach einem neuen Liebesgl\u00fcck sind.<\/p>\n<p><img loading=\"lazy\" class=\"aligncenter wp-image-33 size-medium\" src=\"http:\/\/www.witwen-partnersuche.com\/wp-content\/uploads\/2012\/08\/einsamkeit-witwe-einsam-allein-300x278.jpg\" alt=\"einsamkeit witwe einsam allein\" width=\"300\" height=\"278\" srcset=\"https:\/\/www.witwen-partnersuche.com\/wp-content\/uploads\/2012\/08\/einsamkeit-witwe-einsam-allein-300x278.jpg 300w, https:\/\/www.witwen-partnersuche.com\/wp-content\/uploads\/2012\/08\/einsamkeit-witwe-einsam-allein-1024x949.jpg 1024w, https:\/\/www.witwen-partnersuche.com\/wp-content\/uploads\/2012\/08\/einsamkeit-witwe-einsam-allein-624x578.jpg 624w, https:\/\/www.witwen-partnersuche.com\/wp-content\/uploads\/2012\/08\/einsamkeit-witwe-einsam-allein.jpg 1280w\" sizes=\"(max-width: 300px) 100vw, 300px\" \/><br \/>\nDoch es gibt hervorragende Partnervermittlungen, die sich ganz exakt auf die Bed\u00fcrfnisse der Partnersuchenden ab 60 und auf verwitwete Menschen eingestellt haben. Diese Partner-agenturen arbeiten mit Ihren Singles Hand in Hand. So werden gemeinsam die Profile erstellt oder die Texte f\u00fcr die Kontaktanzeigen ausgearbeitet. Gegenseitiges Vertrauen ist diesbez\u00fcglich immer ein wichtiger Bestandteil. So werden in den seri\u00f6sen Singleagenturen niemals Profile von Menschen erstellt, die in Wirklichkeit ganz anders sind. Dieser Aspekt bewahrt vor Entt\u00e4uschungen und tr\u00e4gt gleicherma\u00dfen dazu bei, dass \u00e4ltere Singles mithilfe des Partnerinstitutes auch den Menschen treffen k\u00f6nnen, der wirklich existiert und der genau zu ihnen passt.<\/p>\n<p><a href=\"http:\/\/www.senioren-partneragentur.com\/?cat=4\">Partnervermittlung f\u00fcr Witwen und Witwer<\/a><\/p>\n","protected":false},"excerpt":{"rendered":"<p>Die Liebe kann noch so gro\u00df, stark und fest sein \u2013 doch gegen das Schicksal ist sie machtlos. Wenn ein geliebter Mensch pl\u00f6tzlich aus dem Leben gerissen wird,\u00a0 hinterl\u00e4sst dieser schmerzliche Verlust eine gro\u00dfe L\u00fccke. Doch wenn der gro\u00dfe Schmerz sich gelegt hat, der Alltag sich wieder normalisiert \u2013 stellt sich auch die Sehnsucht wieder [&hellip;]<\/p>\n","protected":false},"author":2,"featured_media":0,"parent":0,"menu_order":0,"comment_status":"closed","ping_status":"closed","template":"","meta":[],"_links":{"self":[{"href":"https:\/\/www.witwen-partnersuche.com\/index.php?rest_route=\/wp\/v2\/pages\/14"}],"collection":[{"href":"https:\/\/www.witwen-partnersuche.com\/index.php?rest_route=\/wp\/v2\/pages"}],"about":[{"href":"https:\/\/www.witwen-partnersuche.com\/index.php?rest_route=\/wp\/v2\/types\/page"}],"author":[{"embeddable":true,"href":"https:\/\/www.witwen-partnersuche.com\/index.php?rest_route=\/wp\/v2\/users\/2"}],"replies":[{"embeddable":true,"href":"https:\/\/www.witwen-partnersuche.com\/index.php?rest_route=%2Fwp%2Fv2%2Fcomments&post=14"}],"version-history":[{"count":9,"href":"https:\/\/www.witwen-partnersuche.com\/index.php?rest_route=\/wp\/v2\/pages\/14\/revisions"}],"predecessor-version":[{"id":89,"href":"https:\/\/www.witwen-partnersuche.com\/index.php?rest_route=\/wp\/v2\/pages\/14\/revisions\/89"}],"wp:attachment":[{"href":"https:\/\/www.witwen-partnersuche.com\/index.php?rest_route=%2Fwp%2Fv2%2Fmedia&parent=14"}],"curies":[{"name":"wp","href":"https:\/\/api.w.org\/{rel}","templated":true}]}}